{"id":150,"date":"2025-01-06T14:37:05","date_gmt":"2025-01-06T13:37:05","guid":{"rendered":"https:\/\/www.rve06.de\/RVE\/?page_id=150"},"modified":"2025-03-09T20:00:27","modified_gmt":"2025-03-09T19:00:27","slug":"blog","status":"publish","type":"page","link":"https:\/\/www.rve06.de\/RVE\/blog\/","title":{"rendered":"Blog"},"content":{"rendered":"\t\t<div data-elementor-type=\"wp-page\" data-elementor-id=\"150\" class=\"elementor elementor-150\" data-elementor-post-type=\"page\">\n\t\t\t\t<main class=\"elementor-element elementor-element-5537d61 e-con-full e-flex e-con e-parent\" data-id=\"5537d61\" data-element_type=\"container\" data-e-type=\"container\" data-settings=\"{&quot;background_background&quot;:&quot;classic&quot;}\">\n\t\t<div class=\"elementor-element elementor-element-23c1ebe3 e-con-full e-flex e-con e-child\" data-id=\"23c1ebe3\" data-element_type=\"container\" data-e-type=\"container\" data-settings=\"{&quot;background_background&quot;:&quot;classic&quot;}\">\n\t\t<div class=\"elementor-element elementor-element-36ac560a e-flex e-con-boxed e-con e-child\" data-id=\"36ac560a\" data-element_type=\"container\" data-e-type=\"container\">\n\t\t\t\t\t<div class=\"e-con-inner\">\n\t\t\t\t<div class=\"elementor-element elementor-element-4aacb064 elementor-widget elementor-widget-heading\" data-id=\"4aacb064\" data-element_type=\"widget\" data-e-type=\"widget\" data-widget_type=\"heading.default\">\n\t\t\t\t<div class=\"elementor-widget-container\">\n\t\t\t\t\t<h1 class=\"elementor-heading-title elementor-size-default\">RV&nbsp;edelweiss<br>\n<b>Blog<\/b><\/h1>\t\t\t\t<\/div>\n\t\t\t\t<\/div>\n\t\t\t\t<div class=\"elementor-element elementor-element-45c1f583 elementor-widget elementor-widget-text-editor\" data-id=\"45c1f583\" data-element_type=\"widget\" data-e-type=\"widget\" data-widget_type=\"text-editor.default\">\n\t\t\t\t<div class=\"elementor-widget-container\">\n\t\t\t\t\t\t\t\t\t<p>Das erleben wir als Verein<\/p>\t\t\t\t\t\t\t\t<\/div>\n\t\t\t\t<\/div>\n\t\t\t\t\t<\/div>\n\t\t\t\t<\/div>\n\t\t\t\t<\/div>\n\t\t<div class=\"elementor-element elementor-element-53055950 e-flex e-con-boxed e-con e-child\" data-id=\"53055950\" data-element_type=\"container\" data-e-type=\"container\">\n\t\t\t\t\t<div class=\"e-con-inner\">\n\t\t<div class=\"elementor-element elementor-element-70cdaac e-con-full e-flex e-con e-child\" data-id=\"70cdaac\" data-element_type=\"container\" data-e-type=\"container\" data-settings=\"{&quot;background_background&quot;:&quot;classic&quot;}\">\n\t\t<div class=\"elementor-element elementor-element-59ad179f e-con-full e-flex e-con e-child\" data-id=\"59ad179f\" data-element_type=\"container\" data-e-type=\"container\">\n\t\t<div class=\"elementor-element elementor-element-3e7b232d e-con-full e-flex e-con e-child\" data-id=\"3e7b232d\" data-element_type=\"container\" data-e-type=\"container\">\n\t\t<div class=\"elementor-element elementor-element-463a1f19 e-con-full e-flex e-con e-child\" data-id=\"463a1f19\" data-element_type=\"container\" data-e-type=\"container\">\n\t\t\t\t<div class=\"elementor-element elementor-element-4c3b4d2 elementor-grid-3 elementor-grid-tablet-2 elementor-grid-mobile-1 elementor-posts--thumbnail-top elementor-card-shadow-yes elementor-posts__hover-gradient load-more-align-center elementor-widget elementor-widget-posts\" data-id=\"4c3b4d2\" data-element_type=\"widget\" data-e-type=\"widget\" data-settings=\"{&quot;pagination_type&quot;:&quot;load_more_on_click&quot;,&quot;cards_columns&quot;:&quot;3&quot;,&quot;cards_columns_tablet&quot;:&quot;2&quot;,&quot;cards_columns_mobile&quot;:&quot;1&quot;,&quot;cards_row_gap&quot;:{&quot;unit&quot;:&quot;px&quot;,&quot;size&quot;:35,&quot;sizes&quot;:[]},&quot;cards_row_gap_tablet&quot;:{&quot;unit&quot;:&quot;px&quot;,&quot;size&quot;:&quot;&quot;,&quot;sizes&quot;:[]},&quot;cards_row_gap_mobile&quot;:{&quot;unit&quot;:&quot;px&quot;,&quot;size&quot;:&quot;&quot;,&quot;sizes&quot;:[]},&quot;load_more_spinner&quot;:{&quot;value&quot;:&quot;fas fa-spinner&quot;,&quot;library&quot;:&quot;fa-solid&quot;}}\" data-widget_type=\"posts.cards\">\n\t\t\t\t<div class=\"elementor-widget-container\">\n\t\t\t\t\t\t\t<div class=\"elementor-posts-container elementor-posts elementor-posts--skin-cards elementor-grid\" role=\"list\">\n\t\t\t\t<article class=\"elementor-post elementor-grid-item post-239 post type-post status-publish format-standard has-post-thumbnail hentry category-blog tag-saison-feier\" role=\"listitem\">\n\t\t\t<div class=\"elementor-post__card\">\n\t\t\t\t<a class=\"elementor-post__thumbnail__link\" href=\"https:\/\/www.rve06.de\/RVE\/2025\/01\/10\/radsport-saison-abschluss-des-rv-edelweiss-mettmann-gefeiert\/\" tabindex=\"-1\" ><div class=\"elementor-post__thumbnail\"><img fetchpriority=\"high\" decoding=\"async\" width=\"1822\" height=\"1233\" src=\"https:\/\/www.rve06.de\/RVE\/wp-content\/uploads\/2025\/01\/RVE_Abschlussfeier.png\" class=\"attachment-full size-full wp-image-153\" alt=\"\" srcset=\"https:\/\/www.rve06.de\/RVE\/wp-content\/uploads\/2025\/01\/RVE_Abschlussfeier.png 1822w, https:\/\/www.rve06.de\/RVE\/wp-content\/uploads\/2025\/01\/RVE_Abschlussfeier-300x203.png 300w, https:\/\/www.rve06.de\/RVE\/wp-content\/uploads\/2025\/01\/RVE_Abschlussfeier-1024x693.png 1024w, https:\/\/www.rve06.de\/RVE\/wp-content\/uploads\/2025\/01\/RVE_Abschlussfeier-768x520.png 768w, https:\/\/www.rve06.de\/RVE\/wp-content\/uploads\/2025\/01\/RVE_Abschlussfeier-1536x1039.png 1536w\" sizes=\"(max-width: 1822px) 100vw, 1822px\" \/><\/div><\/a>\n\t\t\t\t<div class=\"elementor-post__badge\">Saison Feier<\/div>\n\t\t\t\t<div class=\"elementor-post__text\">\n\t\t\t\t<h2 class=\"elementor-post__title\">\n\t\t\t<a href=\"https:\/\/www.rve06.de\/RVE\/2025\/01\/10\/radsport-saison-abschluss-des-rv-edelweiss-mettmann-gefeiert\/\" >\n\t\t\t\tRadsport-Saison-Abschluss des RV\u00a0Edelwei\u00df Mettmann gefeiert\t\t\t<\/a>\n\t\t<\/h2>\n\t\t\t\t<div class=\"elementor-post__excerpt\">\n\t\t\t<p>Der Radsportverein Edelwei\u00df Mettmann blickt voller Stolz auf ein ereignisreiches Jahr 2023 zur\u00fcck, das von unerm\u00fcdlichem Einsatz, bemerkenswerten sportlichen Leistungen und langj\u00e4hriger Hingabe zum Verein gepr\u00e4gt war.<\/p>\n\t\t<\/div>\n\t\t\t\t\t<div class=\"elementor-post__read-more-wrapper\">\n\t\t\n\t\t<a class=\"elementor-post__read-more\" href=\"https:\/\/www.rve06.de\/RVE\/2025\/01\/10\/radsport-saison-abschluss-des-rv-edelweiss-mettmann-gefeiert\/\" aria-label=\"Mehr \u00fcber Radsport-Saison-Abschluss des RV\u00a0Edelwei\u00df Mettmann gefeiert\" tabindex=\"-1\" >\n\t\t\tWeiterlesen\t\t<\/a>\n\n\t\t\t\t\t<\/div>\n\t\t\t\t<\/div>\n\t\t\t\t\t<\/div>\n\t\t<\/article>\n\t\t\t\t<article class=\"elementor-post elementor-grid-item post-242 post type-post status-publish format-standard has-post-thumbnail hentry category-blog tag-rtf-neandertal\" role=\"listitem\">\n\t\t\t<div class=\"elementor-post__card\">\n\t\t\t\t<a class=\"elementor-post__thumbnail__link\" href=\"https:\/\/www.rve06.de\/RVE\/2025\/01\/10\/sparkassen-rtf-neandertal-schickt-150-radlerinnen-rund-ums-neandertal\/\" tabindex=\"-1\" ><div class=\"elementor-post__thumbnail\"><img decoding=\"async\" width=\"815\" height=\"356\" src=\"https:\/\/www.rve06.de\/RVE\/wp-content\/uploads\/2025\/01\/Screenshot-2023-09-27-220404.png\" class=\"attachment-full size-full wp-image-154\" alt=\"\" srcset=\"https:\/\/www.rve06.de\/RVE\/wp-content\/uploads\/2025\/01\/Screenshot-2023-09-27-220404.png 815w, https:\/\/www.rve06.de\/RVE\/wp-content\/uploads\/2025\/01\/Screenshot-2023-09-27-220404-300x131.png 300w, https:\/\/www.rve06.de\/RVE\/wp-content\/uploads\/2025\/01\/Screenshot-2023-09-27-220404-768x335.png 768w\" sizes=\"(max-width: 815px) 100vw, 815px\" \/><\/div><\/a>\n\t\t\t\t<div class=\"elementor-post__badge\">RTF Neandertal<\/div>\n\t\t\t\t<div class=\"elementor-post__text\">\n\t\t\t\t<h2 class=\"elementor-post__title\">\n\t\t\t<a href=\"https:\/\/www.rve06.de\/RVE\/2025\/01\/10\/sparkassen-rtf-neandertal-schickt-150-radlerinnen-rund-ums-neandertal\/\" >\n\t\t\t\t\u201eSparkassen RTF Neandertal\u201c schickt 150 Radler*innen rund um\u2018s Neandertal\t\t\t<\/a>\n\t\t<\/h2>\n\t\t\t\t<div class=\"elementor-post__excerpt\">\n\t\t\t<p>Endlich ist es soweit Samstag, der 23.09.2023 Punkt 09:00 Uhr und die ersten Radler*innen wurden auf die Strecken der Radtouristikfahrt des RV Edelwei\u00df Mettmann gelassen um rund um das Neandertal zu radeln, auf Strecken zwischen 47 km, 72 km und 110 km L\u00e4nge.<\/p>\n\t\t<\/div>\n\t\t\t\t\t<div class=\"elementor-post__read-more-wrapper\">\n\t\t\n\t\t<a class=\"elementor-post__read-more\" href=\"https:\/\/www.rve06.de\/RVE\/2025\/01\/10\/sparkassen-rtf-neandertal-schickt-150-radlerinnen-rund-ums-neandertal\/\" aria-label=\"Mehr \u00fcber \u201eSparkassen RTF Neandertal\u201c schickt 150 Radler*innen rund um\u2018s Neandertal\" tabindex=\"-1\" >\n\t\t\tWeiterlesen\t\t<\/a>\n\n\t\t\t\t\t<\/div>\n\t\t\t\t<\/div>\n\t\t\t\t\t<\/div>\n\t\t<\/article>\n\t\t\t\t<article class=\"elementor-post elementor-grid-item post-244 post type-post status-publish format-standard has-post-thumbnail hentry category-blog tag-rtf-neandertal\" role=\"listitem\">\n\t\t\t<div class=\"elementor-post__card\">\n\t\t\t\t<a class=\"elementor-post__thumbnail__link\" href=\"https:\/\/www.rve06.de\/RVE\/2025\/01\/10\/rv-edelweiss-startet-wieder-die-sparkassen-rtf-neandertal\/\" tabindex=\"-1\" ><div class=\"elementor-post__thumbnail\"><img decoding=\"async\" width=\"626\" height=\"655\" src=\"https:\/\/www.rve06.de\/RVE\/wp-content\/uploads\/2025\/01\/RTF-Bild.jpg\" class=\"attachment-full size-full wp-image-155\" alt=\"\" srcset=\"https:\/\/www.rve06.de\/RVE\/wp-content\/uploads\/2025\/01\/RTF-Bild.jpg 626w, https:\/\/www.rve06.de\/RVE\/wp-content\/uploads\/2025\/01\/RTF-Bild-287x300.jpg 287w\" sizes=\"(max-width: 626px) 100vw, 626px\" \/><\/div><\/a>\n\t\t\t\t<div class=\"elementor-post__badge\">RTF Neandertal<\/div>\n\t\t\t\t<div class=\"elementor-post__text\">\n\t\t\t\t<h2 class=\"elementor-post__title\">\n\t\t\t<a href=\"https:\/\/www.rve06.de\/RVE\/2025\/01\/10\/rv-edelweiss-startet-wieder-die-sparkassen-rtf-neandertal\/\" >\n\t\t\t\tRV\u00a0Edelwei\u00df startet wieder die \u201eSparkassen RTF Neandertal\u201c\t\t\t<\/a>\n\t\t<\/h2>\n\t\t\t\t<div class=\"elementor-post__excerpt\">\n\t\t\t<p>Am 29.08.2023 war die offizielle Bekanntgabe: am Samstag, den 23.09.2023 veranstaltet der RV Edelwei\u00df Mettmann wieder seine Radtouristikfahrt \u201eSparkassen RTF Neandertal\u201c in enger Kooperation mit der Kreissparkasse D\u00fcsseldorf in Mettmann.<\/p>\n\t\t<\/div>\n\t\t\t\t\t<div class=\"elementor-post__read-more-wrapper\">\n\t\t\n\t\t<a class=\"elementor-post__read-more\" href=\"https:\/\/www.rve06.de\/RVE\/2025\/01\/10\/rv-edelweiss-startet-wieder-die-sparkassen-rtf-neandertal\/\" aria-label=\"Mehr \u00fcber RV\u00a0Edelwei\u00df startet wieder die \u201eSparkassen RTF Neandertal\u201c\" tabindex=\"-1\" >\n\t\t\tWeiterlesen\t\t<\/a>\n\n\t\t\t\t\t<\/div>\n\t\t\t\t<\/div>\n\t\t\t\t\t<\/div>\n\t\t<\/article>\n\t\t\t\t<article class=\"elementor-post elementor-grid-item post-246 post type-post status-publish format-standard has-post-thumbnail hentry category-blog tag-bundes-radsport-treffen\" role=\"listitem\">\n\t\t\t<div class=\"elementor-post__card\">\n\t\t\t\t<a class=\"elementor-post__thumbnail__link\" href=\"https:\/\/www.rve06.de\/RVE\/2025\/01\/10\/rv-edelweiss-sportlich-aktiv-beim-bundes-radsport-treffen-in-gelsenkirchen\/\" tabindex=\"-1\" ><div class=\"elementor-post__thumbnail\"><img loading=\"lazy\" decoding=\"async\" width=\"815\" height=\"495\" src=\"https:\/\/www.rve06.de\/RVE\/wp-content\/uploads\/2025\/01\/Screenshot-2023-07-31-123641.png\" class=\"attachment-full size-full wp-image-156\" alt=\"\" srcset=\"https:\/\/www.rve06.de\/RVE\/wp-content\/uploads\/2025\/01\/Screenshot-2023-07-31-123641.png 815w, https:\/\/www.rve06.de\/RVE\/wp-content\/uploads\/2025\/01\/Screenshot-2023-07-31-123641-300x182.png 300w, https:\/\/www.rve06.de\/RVE\/wp-content\/uploads\/2025\/01\/Screenshot-2023-07-31-123641-768x466.png 768w\" sizes=\"(max-width: 815px) 100vw, 815px\" \/><\/div><\/a>\n\t\t\t\t<div class=\"elementor-post__badge\">Bundes-Radsport-Treffen<\/div>\n\t\t\t\t<div class=\"elementor-post__text\">\n\t\t\t\t<h2 class=\"elementor-post__title\">\n\t\t\t<a href=\"https:\/\/www.rve06.de\/RVE\/2025\/01\/10\/rv-edelweiss-sportlich-aktiv-beim-bundes-radsport-treffen-in-gelsenkirchen\/\" >\n\t\t\t\tRV\u00a0Edelwei\u00df sportlich aktiv beim Bundes-Radsport-Treffen in Gelsenkirchen\t\t\t<\/a>\n\t\t<\/h2>\n\t\t\t\t<div class=\"elementor-post__excerpt\">\n\t\t\t<p>Vom 23.07.2023 &#8211; 29.07.2023 fand in Gelsenkirchen das traditionelle Bundes-Radsport-Treffen statt. Dies ist eine Breitensportveranstaltung im Radsport, wo sich einmal im Jahr die Radsportler aus dem gesamten Bundesgebiet treffen.<\/p>\n\t\t<\/div>\n\t\t\t\t\t<div class=\"elementor-post__read-more-wrapper\">\n\t\t\n\t\t<a class=\"elementor-post__read-more\" href=\"https:\/\/www.rve06.de\/RVE\/2025\/01\/10\/rv-edelweiss-sportlich-aktiv-beim-bundes-radsport-treffen-in-gelsenkirchen\/\" aria-label=\"Mehr \u00fcber RV\u00a0Edelwei\u00df sportlich aktiv beim Bundes-Radsport-Treffen in Gelsenkirchen\" tabindex=\"-1\" >\n\t\t\tWeiterlesen\t\t<\/a>\n\n\t\t\t\t\t<\/div>\n\t\t\t\t<\/div>\n\t\t\t\t\t<\/div>\n\t\t<\/article>\n\t\t\t\t<article class=\"elementor-post elementor-grid-item post-248 post type-post status-publish format-standard has-post-thumbnail hentry category-blog tag-stadtradeln\" role=\"listitem\">\n\t\t\t<div class=\"elementor-post__card\">\n\t\t\t\t<a class=\"elementor-post__thumbnail__link\" href=\"https:\/\/www.rve06.de\/RVE\/2025\/01\/10\/rv-edelweiss-nach-dem-stadtradeln\/\" tabindex=\"-1\" ><div class=\"elementor-post__thumbnail\"><img loading=\"lazy\" decoding=\"async\" width=\"605\" height=\"309\" src=\"https:\/\/www.rve06.de\/RVE\/wp-content\/uploads\/2025\/01\/RVE-Stadtradeln-2023.jpg\" class=\"attachment-full size-full wp-image-157\" alt=\"\" srcset=\"https:\/\/www.rve06.de\/RVE\/wp-content\/uploads\/2025\/01\/RVE-Stadtradeln-2023.jpg 605w, https:\/\/www.rve06.de\/RVE\/wp-content\/uploads\/2025\/01\/RVE-Stadtradeln-2023-300x153.jpg 300w\" sizes=\"(max-width: 605px) 100vw, 605px\" \/><\/div><\/a>\n\t\t\t\t<div class=\"elementor-post__badge\">Stadtradeln<\/div>\n\t\t\t\t<div class=\"elementor-post__text\">\n\t\t\t\t<h2 class=\"elementor-post__title\">\n\t\t\t<a href=\"https:\/\/www.rve06.de\/RVE\/2025\/01\/10\/rv-edelweiss-nach-dem-stadtradeln\/\" >\n\t\t\t\tRV\u00a0Edelwei\u00df nach dem Stadtradeln\t\t\t<\/a>\n\t\t<\/h2>\n\t\t\t\t<div class=\"elementor-post__excerpt\">\n\t\t\t<p>Horst Mann und Helmut Klammer ziehen Bilanz nach dem Stadtradeln 2023 der Stadt Mettmann. Wir haben als Radsportverein ein reichhaltiges Angebot zum Stadtradeln in Mettmann realisiert<\/p>\n\t\t<\/div>\n\t\t\t\t\t<div class=\"elementor-post__read-more-wrapper\">\n\t\t\n\t\t<a class=\"elementor-post__read-more\" href=\"https:\/\/www.rve06.de\/RVE\/2025\/01\/10\/rv-edelweiss-nach-dem-stadtradeln\/\" aria-label=\"Mehr \u00fcber RV\u00a0Edelwei\u00df nach dem Stadtradeln\" tabindex=\"-1\" >\n\t\t\tWeiterlesen\t\t<\/a>\n\n\t\t\t\t\t<\/div>\n\t\t\t\t<\/div>\n\t\t\t\t\t<\/div>\n\t\t<\/article>\n\t\t\t\t<article class=\"elementor-post elementor-grid-item post-250 post type-post status-publish format-standard has-post-thumbnail hentry category-blog tag-edelweiss-giro\" role=\"listitem\">\n\t\t\t<div class=\"elementor-post__card\">\n\t\t\t\t<a class=\"elementor-post__thumbnail__link\" href=\"https:\/\/www.rve06.de\/RVE\/2025\/01\/10\/der-edelweiss-giro\/\" tabindex=\"-1\" ><div class=\"elementor-post__thumbnail\"><img loading=\"lazy\" decoding=\"async\" width=\"815\" height=\"505\" src=\"https:\/\/www.rve06.de\/RVE\/wp-content\/uploads\/2025\/01\/Screenshot-2023-04-30-220108.png\" class=\"attachment-full size-full wp-image-158\" alt=\"\" srcset=\"https:\/\/www.rve06.de\/RVE\/wp-content\/uploads\/2025\/01\/Screenshot-2023-04-30-220108.png 815w, https:\/\/www.rve06.de\/RVE\/wp-content\/uploads\/2025\/01\/Screenshot-2023-04-30-220108-300x186.png 300w, https:\/\/www.rve06.de\/RVE\/wp-content\/uploads\/2025\/01\/Screenshot-2023-04-30-220108-768x476.png 768w\" sizes=\"(max-width: 815px) 100vw, 815px\" \/><\/div><\/a>\n\t\t\t\t<div class=\"elementor-post__badge\">Edelwei\u00df-Giro<\/div>\n\t\t\t\t<div class=\"elementor-post__text\">\n\t\t\t\t<h2 class=\"elementor-post__title\">\n\t\t\t<a href=\"https:\/\/www.rve06.de\/RVE\/2025\/01\/10\/der-edelweiss-giro\/\" >\n\t\t\t\tDer \u201eEdelwei\u00df-Giro\u201c\t\t\t<\/a>\n\t\t<\/h2>\n\t\t\t\t<div class=\"elementor-post__excerpt\">\n\t\t\t<p>Es gibt eine absolute Neuerung im Kalender 2023 des RV Edelwei\u00df Mettmann n\u00e4mlich der \u201eEdelwei\u00df-Giro\u201c, dies ist eine Mehrtagesfahrt.<\/p>\n\t\t<\/div>\n\t\t\t\t\t<div class=\"elementor-post__read-more-wrapper\">\n\t\t\n\t\t<a class=\"elementor-post__read-more\" href=\"https:\/\/www.rve06.de\/RVE\/2025\/01\/10\/der-edelweiss-giro\/\" aria-label=\"Mehr \u00fcber Der \u201eEdelwei\u00df-Giro\u201c\" tabindex=\"-1\" >\n\t\t\tWeiterlesen\t\t<\/a>\n\n\t\t\t\t\t<\/div>\n\t\t\t\t<\/div>\n\t\t\t\t\t<\/div>\n\t\t<\/article>\n\t\t\t\t<article class=\"elementor-post elementor-grid-item post-252 post type-post status-publish format-standard has-post-thumbnail hentry category-blog tag-eroeffnungsfahrt\" role=\"listitem\">\n\t\t\t<div class=\"elementor-post__card\">\n\t\t\t\t<a class=\"elementor-post__thumbnail__link\" href=\"https:\/\/www.rve06.de\/RVE\/2025\/01\/10\/trotz-regen-die-edelweiss-radler-sind-unterwegs\/\" tabindex=\"-1\" ><div class=\"elementor-post__thumbnail\"><img loading=\"lazy\" decoding=\"async\" width=\"730\" height=\"562\" src=\"https:\/\/www.rve06.de\/RVE\/wp-content\/uploads\/2025\/01\/Screenshot-2023-04-02-124041.jpg\" class=\"attachment-full size-full wp-image-159\" alt=\"\" srcset=\"https:\/\/www.rve06.de\/RVE\/wp-content\/uploads\/2025\/01\/Screenshot-2023-04-02-124041.jpg 730w, https:\/\/www.rve06.de\/RVE\/wp-content\/uploads\/2025\/01\/Screenshot-2023-04-02-124041-300x231.jpg 300w\" sizes=\"(max-width: 730px) 100vw, 730px\" \/><\/div><\/a>\n\t\t\t\t<div class=\"elementor-post__badge\">Er\u00f6ffnungsfahrt<\/div>\n\t\t\t\t<div class=\"elementor-post__text\">\n\t\t\t\t<h2 class=\"elementor-post__title\">\n\t\t\t<a href=\"https:\/\/www.rve06.de\/RVE\/2025\/01\/10\/trotz-regen-die-edelweiss-radler-sind-unterwegs\/\" >\n\t\t\t\tTrotz Regen die Edelwei\u00df-Radler sind unterwegs\t\t\t<\/a>\n\t\t<\/h2>\n\t\t\t\t<div class=\"elementor-post__excerpt\">\n\t\t\t<p>Die Radsport-Saison 2023 ist offiziell er\u00f6ffnet, der RV Edelwei\u00df Mettmann hat seine Er\u00f6ffnungsfahrt zu diesem Anlass erfolgreich durchgef\u00fchrt<\/p>\n\t\t<\/div>\n\t\t\t\t\t<div class=\"elementor-post__read-more-wrapper\">\n\t\t\n\t\t<a class=\"elementor-post__read-more\" href=\"https:\/\/www.rve06.de\/RVE\/2025\/01\/10\/trotz-regen-die-edelweiss-radler-sind-unterwegs\/\" aria-label=\"Mehr \u00fcber Trotz Regen die Edelwei\u00df-Radler sind unterwegs\" tabindex=\"-1\" >\n\t\t\tWeiterlesen\t\t<\/a>\n\n\t\t\t\t\t<\/div>\n\t\t\t\t<\/div>\n\t\t\t\t\t<\/div>\n\t\t<\/article>\n\t\t\t\t<article class=\"elementor-post elementor-grid-item post-254 post type-post status-publish format-standard has-post-thumbnail hentry category-blog tag-stadtradeln\" role=\"listitem\">\n\t\t\t<div class=\"elementor-post__card\">\n\t\t\t\t<a class=\"elementor-post__thumbnail__link\" href=\"https:\/\/www.rve06.de\/RVE\/2025\/01\/10\/stadtradeln-2022-in-mettmann-und-rv-edelweiss-ganz-vorne-dabei\/\" tabindex=\"-1\" ><div class=\"elementor-post__thumbnail\"><img loading=\"lazy\" decoding=\"async\" width=\"713\" height=\"475\" src=\"https:\/\/www.rve06.de\/RVE\/wp-content\/uploads\/2025\/01\/Stadtradeln-2019-Foto-002-.jpg\" class=\"attachment-full size-full wp-image-160\" alt=\"\" srcset=\"https:\/\/www.rve06.de\/RVE\/wp-content\/uploads\/2025\/01\/Stadtradeln-2019-Foto-002-.jpg 713w, https:\/\/www.rve06.de\/RVE\/wp-content\/uploads\/2025\/01\/Stadtradeln-2019-Foto-002--300x200.jpg 300w\" sizes=\"(max-width: 713px) 100vw, 713px\" \/><\/div><\/a>\n\t\t\t\t<div class=\"elementor-post__badge\">Stadtradeln<\/div>\n\t\t\t\t<div class=\"elementor-post__text\">\n\t\t\t\t<h2 class=\"elementor-post__title\">\n\t\t\t<a href=\"https:\/\/www.rve06.de\/RVE\/2025\/01\/10\/stadtradeln-2022-in-mettmann-und-rv-edelweiss-ganz-vorne-dabei\/\" >\n\t\t\t\tStadtradeln 2022 in Mettmann und RV\u00a0Edelwei\u00df ganz vorne dabei\u2026\t\t\t<\/a>\n\t\t<\/h2>\n\t\t\t\t<div class=\"elementor-post__excerpt\">\n\t\t\t<p>Auch dieses Jahr gab es recht wenige Highlights im Bereich des Radsports in Mettmann, deshalb war das Stadtradeln eine willkommene Abwechselung f\u00fcr unsere Radler einige Kilometer zu sammeln.<\/p>\n\t\t<\/div>\n\t\t\t\t\t<div class=\"elementor-post__read-more-wrapper\">\n\t\t\n\t\t<a class=\"elementor-post__read-more\" href=\"https:\/\/www.rve06.de\/RVE\/2025\/01\/10\/stadtradeln-2022-in-mettmann-und-rv-edelweiss-ganz-vorne-dabei\/\" aria-label=\"Mehr \u00fcber Stadtradeln 2022 in Mettmann und RV\u00a0Edelwei\u00df ganz vorne dabei\u2026\" tabindex=\"-1\" >\n\t\t\tWeiterlesen\t\t<\/a>\n\n\t\t\t\t\t<\/div>\n\t\t\t\t<\/div>\n\t\t\t\t\t<\/div>\n\t\t<\/article>\n\t\t\t\t<article class=\"elementor-post elementor-grid-item post-256 post type-post status-publish format-standard has-post-thumbnail hentry category-blog tag-radwandern\" role=\"listitem\">\n\t\t\t<div class=\"elementor-post__card\">\n\t\t\t\t<a class=\"elementor-post__thumbnail__link\" href=\"https:\/\/www.rve06.de\/RVE\/2025\/01\/10\/wir-nehmen-wieder-fahrt-auf-die-radwanderer-treffen-sich-wieder\/\" tabindex=\"-1\" ><div class=\"elementor-post__thumbnail\"><img loading=\"lazy\" decoding=\"async\" width=\"722\" height=\"541\" src=\"https:\/\/www.rve06.de\/RVE\/wp-content\/uploads\/2025\/01\/IMG_0032.jpg\" class=\"attachment-full size-full wp-image-84\" alt=\"\" srcset=\"https:\/\/www.rve06.de\/RVE\/wp-content\/uploads\/2025\/01\/IMG_0032.jpg 722w, https:\/\/www.rve06.de\/RVE\/wp-content\/uploads\/2025\/01\/IMG_0032-300x225.jpg 300w\" sizes=\"(max-width: 722px) 100vw, 722px\" \/><\/div><\/a>\n\t\t\t\t<div class=\"elementor-post__badge\">Radwandern<\/div>\n\t\t\t\t<div class=\"elementor-post__text\">\n\t\t\t\t<h2 class=\"elementor-post__title\">\n\t\t\t<a href=\"https:\/\/www.rve06.de\/RVE\/2025\/01\/10\/wir-nehmen-wieder-fahrt-auf-die-radwanderer-treffen-sich-wieder\/\" >\n\t\t\t\tWir nehmen wieder Fahrt auf &#8211; die Radwanderer treffen sich wieder\t\t\t<\/a>\n\t\t<\/h2>\n\t\t\t\t<div class=\"elementor-post__excerpt\">\n\t\t\t<p>Die Radwanderer vom RV Edelweiss Mettmann starten, unter der Beachtung der Corona-Regeln<\/p>\n\t\t<\/div>\n\t\t\t\t\t<div class=\"elementor-post__read-more-wrapper\">\n\t\t\n\t\t<a class=\"elementor-post__read-more\" href=\"https:\/\/www.rve06.de\/RVE\/2025\/01\/10\/wir-nehmen-wieder-fahrt-auf-die-radwanderer-treffen-sich-wieder\/\" aria-label=\"Mehr \u00fcber Wir nehmen wieder Fahrt auf &#8211; die Radwanderer treffen sich wieder\" tabindex=\"-1\" >\n\t\t\tWeiterlesen\t\t<\/a>\n\n\t\t\t\t\t<\/div>\n\t\t\t\t<\/div>\n\t\t\t\t\t<\/div>\n\t\t<\/article>\n\t\t\t\t<\/div>\n\t\t\t\t\t<span class=\"e-load-more-spinner\">\n\t\t\t\t<svg aria-hidden=\"true\" class=\"e-font-icon-svg e-fas-spinner\" viewBox=\"0 0 512 512\" xmlns=\"http:\/\/www.w3.org\/2000\/svg\"><path d=\"M304 48c0 26.51-21.49 48-48 48s-48-21.49-48-48 21.49-48 48-48 48 21.49 48 48zm-48 368c-26.51 0-48 21.49-48 48s21.49 48 48 48 48-21.49 48-48-21.49-48-48-48zm208-208c-26.51 0-48 21.49-48 48s21.49 48 48 48 48-21.49 48-48-21.49-48-48-48zM96 256c0-26.51-21.49-48-48-48S0 229.49 0 256s21.49 48 48 48 48-21.49 48-48zm12.922 99.078c-26.51 0-48 21.49-48 48s21.49 48 48 48 48-21.49 48-48c0-26.509-21.491-48-48-48zm294.156 0c-26.51 0-48 21.49-48 48s21.49 48 48 48 48-21.49 48-48c0-26.509-21.49-48-48-48zM108.922 60.922c-26.51 0-48 21.49-48 48s21.49 48 48 48 48-21.49 48-48-21.491-48-48-48z\"><\/path><\/svg>\t\t\t<\/span>\n\t\t\n\t\t\t\t<div class=\"e-load-more-anchor\" data-page=\"1\" data-max-page=\"2\" data-next-page=\"https:\/\/www.rve06.de\/RVE\/wp-json\/wp\/v2\/pages\/150\/page\/2\/\"><\/div>\n\t\t\t\t<div class=\"elementor-button-wrapper\">\n\t\t\t<a class=\"elementor-button elementor-size-sm\" role=\"button\">\n\t\t\t\t\t\t<span class=\"elementor-button-content-wrapper\">\n\t\t\t\t\t\t\t\t\t<span class=\"elementor-button-text\">Weitere Beitr\u00e4ge laden<\/span>\n\t\t\t\t\t<\/span>\n\t\t\t\t\t<\/a>\n\t\t<\/div>\n\t\t\t\t<div class=\"e-load-more-message\"><\/div>\n\t\t\t\t\t\t<\/div>\n\t\t\t\t<\/div>\n\t\t\t\t<\/div>\n\t\t\t\t<\/div>\n\t\t\t\t<\/div>\n\t\t\t\t<\/div>\n\t\t\t\t\t<\/div>\n\t\t\t\t<\/div>\n\t\t\t\t<\/main>\n\t\t\t\t<\/div>\n\t\t","protected":false},"excerpt":{"rendered":"<p>RV&nbsp;edelweiss Blog Das erleben wir als Verein<\/p>\n","protected":false},"author":1,"featured_media":0,"parent":0,"menu_order":0,"comment_status":"closed","ping_status":"closed","template":"elementor_header_footer","meta":{"footnotes":""},"class_list":["post-150","page","type-page","status-publish","hentry"],"_links":{"self":[{"href":"https:\/\/www.rve06.de\/RVE\/wp-json\/wp\/v2\/pages\/150","targetHints":{"allow":["GET"]}}],"collection":[{"href":"https:\/\/www.rve06.de\/RVE\/wp-json\/wp\/v2\/pages"}],"about":[{"href":"https:\/\/www.rve06.de\/RVE\/wp-json\/wp\/v2\/types\/page"}],"author":[{"embeddable":true,"href":"https:\/\/www.rve06.de\/RVE\/wp-json\/wp\/v2\/users\/1"}],"replies":[{"embeddable":true,"href":"https:\/\/www.rve06.de\/RVE\/wp-json\/wp\/v2\/comments?post=150"}],"version-history":[{"count":22,"href":"https:\/\/www.rve06.de\/RVE\/wp-json\/wp\/v2\/pages\/150\/revisions"}],"predecessor-version":[{"id":288,"href":"https:\/\/www.rve06.de\/RVE\/wp-json\/wp\/v2\/pages\/150\/revisions\/288"}],"wp:attachment":[{"href":"https:\/\/www.rve06.de\/RVE\/wp-json\/wp\/v2\/media?parent=150"}],"curies":[{"name":"wp","href":"https:\/\/api.w.org\/{rel}","templated":true}]}}