{"id":143,"date":"2025-01-06T14:36:28","date_gmt":"2025-01-06T13:36:28","guid":{"rendered":"https:\/\/www.rve06.de\/RVE\/?page_id=143"},"modified":"2025-03-09T20:01:19","modified_gmt":"2025-03-09T19:01:19","slug":"datenschutz","status":"publish","type":"page","link":"https:\/\/www.rve06.de\/RVE\/datenschutz\/","title":{"rendered":"Datenschutz"},"content":{"rendered":"\t\t<div data-elementor-type=\"wp-page\" data-elementor-id=\"143\" class=\"elementor elementor-143\" data-elementor-post-type=\"page\">\n\t\t\t\t<main class=\"elementor-element elementor-element-41871e2f e-flex e-con-boxed e-con e-child\" data-id=\"41871e2f\" data-element_type=\"container\" data-e-type=\"container\">\n\t\t\t\t\t<div class=\"e-con-inner\">\n\t\t<div class=\"elementor-element elementor-element-522659dc e-con-full e-flex e-con e-child\" data-id=\"522659dc\" data-element_type=\"container\" data-e-type=\"container\" data-settings=\"{&quot;background_background&quot;:&quot;classic&quot;}\">\n\t\t\t\t<div class=\"elementor-element elementor-element-73769a20 elementor-widget__width-inherit elementor-widget elementor-widget-heading\" data-id=\"73769a20\" data-element_type=\"widget\" data-e-type=\"widget\" data-widget_type=\"heading.default\">\n\t\t\t\t<div class=\"elementor-widget-container\">\n\t\t\t\t\t<h1 class=\"elementor-heading-title elementor-size-default\">Datenschutz<\/h1>\t\t\t\t<\/div>\n\t\t\t\t<\/div>\n\t\t\t\t<div class=\"elementor-element elementor-element-7cc595b elementor-widget elementor-widget-text-editor\" data-id=\"7cc595b\" data-element_type=\"widget\" data-e-type=\"widget\" data-widget_type=\"text-editor.default\">\n\t\t\t\t<div class=\"elementor-widget-container\">\n\t\t\t\t\t\t\t\t\t<div><span class=\"fs13\">Wir weisen Sie darauf hin, dass der&nbsp;RV Edelweiss Mettmann 1906 e.V. die Datenschutz-Grundverordnung der Europ\u00e4ischen Union (DSGVO) und das neue Bundesdatenschutzgesetz einh\u00e4lt und die Erhebung, Verarbeitung und Nutzung personenbezogener Daten ausschlie\u00dflich f\u00fcr eigene Zwecke vornimmt sowie Daten nur f\u00fcr den Zweck erhebt, f\u00fcr den sie auch genutzt werden.<\/span><\/div>\n<div>&nbsp;<\/div>\n<div>&nbsp;<\/div>\n<div>Der RV Edelweiss Mettmann 1906 e. V. verpflichtet sich, die erhobenen Daten nur als Mittel zur Erf\u00fcllung eigener Gesch\u00e4ftszwecke und satzungsgem\u00e4\u00dfer Aufgaben zu verwenden. Wir weisen Sie ferner darauf hin, dass Sie mit Ihrer Nutzung unseres Internetportals, der Anmeldung zu unseren Kursen, sowie der Inanspruchnahme unserer Angebote Ihr Einverst\u00e4ndnis f\u00fcr die Erhebung, Verarbeitung und Nutzung Ihrer personenbezogenen Daten im Rahmen der Zweckbestimmungen des&nbsp;RV Edelweiss Mettmann 1906 e. V. erkl\u00e4ren. Sie k\u00f6nnen Ihr Einverst\u00e4ndnis zur Erhebung, Verarbeitung und Nutzung Ihrer personenbezogenen Daten jederzeit per Email an post@rve06.de oder in schriftlicher Form adressiert an die Gesch\u00e4ftsstelle (siehe Impressum) widerrufen. Die Daten werden dann umgehend gel\u00f6scht.<\/div><div><br><\/div><div><div>Zur Verwaltung der eingesetzten Cookies und \u00e4hnlichen Technologien (Tracking-Pixel, Web-Beacons etc.) und diesbez\u00fcglicher Einwilligungen setzen wir das Consent Tool &#8222;Real Cookie Banner&#8220; ein. Details zur Funktionsweise von &#8222;Real Cookie Banner&#8220; findest du unter &lt;a href=&#8220;https:\/\/devowl.io\/de\/rcb\/datenverarbeitung\/&#8220; rel=&#8220;noreferrer&#8220; target=&#8220;_blank&#8220;&gt;https:\/\/devowl.io\/de\/rcb\/datenverarbeitung\/&lt;\/a&gt;.<\/div><div><br><\/div><div>Rechtsgrundlagen f\u00fcr die Verarbeitung von personenbezogenen Daten in diesem Zusammenhang sind Art. 6 Abs. 1 lit. c DS-GVO und Art. 6 Abs. 1 lit. f DS-GVO. Unser berechtigtes Interesse ist die Verwaltung der eingesetzten Cookies und \u00e4hnlichen Technologien und der diesbez\u00fcglichen Einwilligungen.<\/div><div><br><\/div><div>Die Bereitstellung der personenbezogenen Daten ist weder vertraglich vorgeschrieben noch f\u00fcr den Abschluss eines Vertrages notwendig. Du bist nicht verpflichtet die personenbezogenen Daten bereitzustellen. Wenn du die personenbezogenen Daten nicht bereitstellst, k\u00f6nnen wir deine Einwilligungen nicht verwalten.<\/div><\/div>\t\t\t\t\t\t\t\t<\/div>\n\t\t\t\t<\/div>\n\t\t\t\t<\/div>\n\t\t\t\t\t<\/div>\n\t\t\t\t<\/main>\n\t\t\t\t<\/div>\n\t\t","protected":false},"excerpt":{"rendered":"<p>Datenschutz Wir weisen Sie darauf hin, dass der&nbsp;RV Edelweiss Mettmann 1906 e.V. die Datenschutz-Grundverordnung der Europ\u00e4ischen Union (DSGVO) und das neue Bundesdatenschutzgesetz einh\u00e4lt und die Erhebung, Verarbeitung und Nutzung personenbezogener Daten ausschlie\u00dflich f\u00fcr eigene Zwecke vornimmt sowie Daten nur f\u00fcr den Zweck erhebt, f\u00fcr den sie auch genutzt werden. &nbsp; &nbsp; Der RV Edelweiss Mettmann [&hellip;]<\/p>\n","protected":false},"author":1,"featured_media":0,"parent":0,"menu_order":0,"comment_status":"closed","ping_status":"closed","template":"elementor_header_footer","meta":{"footnotes":""},"class_list":["post-143","page","type-page","status-publish","hentry"],"_links":{"self":[{"href":"https:\/\/www.rve06.de\/RVE\/wp-json\/wp\/v2\/pages\/143","targetHints":{"allow":["GET"]}}],"collection":[{"href":"https:\/\/www.rve06.de\/RVE\/wp-json\/wp\/v2\/pages"}],"about":[{"href":"https:\/\/www.rve06.de\/RVE\/wp-json\/wp\/v2\/types\/page"}],"author":[{"embeddable":true,"href":"https:\/\/www.rve06.de\/RVE\/wp-json\/wp\/v2\/users\/1"}],"replies":[{"embeddable":true,"href":"https:\/\/www.rve06.de\/RVE\/wp-json\/wp\/v2\/comments?post=143"}],"version-history":[{"count":7,"href":"https:\/\/www.rve06.de\/RVE\/wp-json\/wp\/v2\/pages\/143\/revisions"}],"predecessor-version":[{"id":394,"href":"https:\/\/www.rve06.de\/RVE\/wp-json\/wp\/v2\/pages\/143\/revisions\/394"}],"wp:attachment":[{"href":"https:\/\/www.rve06.de\/RVE\/wp-json\/wp\/v2\/media?parent=143"}],"curies":[{"name":"wp","href":"https:\/\/api.w.org\/{rel}","templated":true}]}}