{"id":128,"date":"2025-01-06T14:34:00","date_gmt":"2025-01-06T13:34:00","guid":{"rendered":"https:\/\/www.rve06.de\/RVE\/?page_id=128"},"modified":"2025-03-09T20:01:59","modified_gmt":"2025-03-09T19:01:59","slug":"impressum","status":"publish","type":"page","link":"https:\/\/www.rve06.de\/RVE\/impressum\/","title":{"rendered":"Impressum"},"content":{"rendered":"\t\t<div data-elementor-type=\"wp-page\" data-elementor-id=\"128\" class=\"elementor elementor-128\" data-elementor-post-type=\"page\">\n\t\t\t\t<main class=\"elementor-element elementor-element-3f1fadf9 e-flex e-con-boxed e-con e-child\" data-id=\"3f1fadf9\" data-element_type=\"container\" data-e-type=\"container\">\n\t\t\t\t\t<div class=\"e-con-inner\">\n\t\t<div class=\"elementor-element elementor-element-63a13661 e-con-full e-flex e-con e-child\" data-id=\"63a13661\" data-element_type=\"container\" data-e-type=\"container\" data-settings=\"{&quot;background_background&quot;:&quot;classic&quot;}\">\n\t\t\t\t<div class=\"elementor-element elementor-element-18a7f1f0 elementor-widget__width-inherit elementor-widget elementor-widget-heading\" data-id=\"18a7f1f0\" data-element_type=\"widget\" data-e-type=\"widget\" data-widget_type=\"heading.default\">\n\t\t\t\t<div class=\"elementor-widget-container\">\n\t\t\t\t\t<h1 class=\"elementor-heading-title elementor-size-default\">Impressum<\/h1>\t\t\t\t<\/div>\n\t\t\t\t<\/div>\n\t\t\t\t<div class=\"elementor-element elementor-element-129555b0 elementor-widget elementor-widget-text-editor\" data-id=\"129555b0\" data-element_type=\"widget\" data-e-type=\"widget\" data-widget_type=\"text-editor.default\">\n\t\t\t\t<div class=\"elementor-widget-container\">\n\t\t\t\t\t\t\t\t\t<div><span class=\"fs10lh1-5\">RADSPORTVEREIN EDELWEISS METTMANN 1906 E. V.<br><\/span><\/div>\n<div>&nbsp;<\/div>\n<div><span class=\"fs10lh1-5\">Gesch\u00e4ftsstelle:<\/span><\/div>\n<div>&nbsp;<\/div>\n<div>Stephan Schwedtmann<\/div>\n<div>\n<div><span class=\"fs10lh1-5\">H\u00e4ndelstra\u00dfe 1<br><\/span><\/div>\n<\/div>\n<div><span class=\"fs10lh1-5\">40822 Mettmann<\/span><\/div>\n<div>&nbsp;<\/div>\n<div><span class=\"fs10lh1-5\">Tel.: 02104 &#8211; 123 96<\/span><\/div>\n<div><span class=\"fs10lh1-5\">eMail: post@rve06.de<br><\/span><\/div>\n<div>&nbsp;<\/div>\n<div><span class=\"fs11lh1-5 ff1\">Registriert im Vereinsregister im Amtsgericht<\/span><span class=\"fs11lh1-5 ff1\"> Wuppertal, Registerblatt VR 10478<\/span><\/div>\n<div>&nbsp;<\/div>\n<div>&nbsp;<\/div>\n<div>&nbsp;<\/div>\n<div><span class=\"fs10lh1-5\"><b class=\"\">Verantwortlich im Sinne des Pressegesetz<\/b><br><\/span><\/div>\n<div>\n<div>\n<div>Lutz Birkenkamp<\/div>\n<\/div>\n<\/div>\n<div>&nbsp;<\/div>\n<div class=\"imTAJustify\">\n<p><span class=\"fs10lh1-5\"><b>Verweise auf andere Internetseiten (Links)<\/b><\/span><\/p>\n<div>&nbsp;<\/div>\n<div><span class=\"fs10lh1-5\">Das Landesgericht Hamburg hat mit Urteil vom 12.05.1998 sowie das Landgericht Potsdam mit Urteil vom 08.07.1999 (3 O 317\/99) entschieden, dass man durch die Ausbringung eines Links die Inhalte der gelinkten Seite ggf. mit zu verantworten hat. Dies kann \u2013 so die Landgerichte \u2013 nur dadurch verhindert werden, dass man sich ausdr\u00fccklich von diesen Inhalten distanziert.<\/span><\/div>\n<div>&nbsp;<\/div>\n<div><span class=\"fs10lh1-5\">Ich habe auf meinen Internetseiten Links zu anderen Seiten in Internet gelegt. F\u00fcr all diese Links m\u00f6chte ich ausdr\u00fccklich betonen, dass ich keinerlei Einfluss auf die Gestaltung und die Inhalte der gelinkten Seiten haben. Deshalb distanziere ich mich hiermit ausdr\u00fccklich von allen Inhalten der gelinkten Seiten auf meiner Homepage. Dieses Erkl\u00e4rung gilt f\u00fcr alle auf meiner Internetseite ausgebrachten Links und f\u00fcr alle Inhalte der Seiten, zu denen die Banner f\u00fchren.<\/span><\/div>\n<div>&nbsp;<\/div>\n<div><span class=\"fs10lh1-5\"><b>Haftungsausschluss<\/b><\/span><\/div>\n<div><span class=\"fs10lh1-5\"><b>&nbsp;<\/b><\/span><\/div>\n<div><span class=\"fs10lh1-5\"><b>1. Inhalt des Onlineangebotes<\/b><\/span><\/div>\n<div>&nbsp;<\/div>\n<div><span class=\"fs10lh1-5\">Der Autor \u00fcbernimmt keinerlei Gew\u00e4hr f\u00fcr die Aktualit\u00e4t, Korrektheit, Vollst\u00e4ndigkeit oder Qualit\u00e4t der bereitgestellten Informationen. Haftungsanspr\u00fcche gegen den Autor, welche sich auf Sch\u00e4den materieller oder ideeller Art beziehen, die durch die Nutzung oder Nichtnutzung der dargebotenen Informationen bzw. durch die Nutzung fehlerhafter und unvollst\u00e4ndiger Informationen verursacht wurden, sind grunds\u00e4tzlich ausgeschlossen, sofern seitens des Autors kein nachweislich vors\u00e4tzliches oder grob fahrl\u00e4ssiges Verschulden vorliegt.<\/span><\/div>\n<div>&nbsp;<\/div>\n<div><span class=\"fs10lh1-5\">Alle Angebote sind freibleibend und unverbindlich. Der Autor beh\u00e4lt es sich ausdr\u00fccklich vor, Teile der Seiten oder das gesamte Angebot ohne gesonderte Ank\u00fcndigung zu ver\u00e4ndern, zu erg\u00e4nzen, zu l\u00f6schen oder die Ver\u00f6ffentlichung zeitweise oder endg\u00fcltig einzustellen.<\/span><\/div>\n<div>&nbsp;<\/div>\n<div><span class=\"fs10lh1-5\"><b>2. Verweise und Links<\/b><\/span><\/div>\n<div>&nbsp;<\/div>\n<div><span class=\"fs10lh1-5\">Bei direkten oder indirekten Verweisen auf fremde Webseiten (\u201cHyperlinks\u201d), die au\u00dferhalb des Verantwortungsbereiches des Autors liegen, w\u00fcrde eine Haftungsverpflichtung ausschlie\u00dflich in dem Fall in Kraft treten, in dem der Autor von den Inhalten Kenntnis hat und es ihm technisch m\u00f6glich und zumutbar w\u00e4re, die Nutzung im Falle rechtswidriger Inhalte zu verhindern.<\/span><\/div>\n<div>&nbsp;<\/div>\n<div><span class=\"fs10lh1-5\">Der Autor erkl\u00e4rt hiermit ausdr\u00fccklich, dass zum Zeitpunkt der Linksetzung keine illegalen Inhalte auf den zu verlinkenden Seiten erkennbar waren. Auf die aktuelle und zuk\u00fcnftige Gestaltung, die Inhalte oder die Urheberschaft der verlinkten\/verkn\u00fcpften Seiten hat der Autor keinerlei Einfluss. Deshalb distanziert er sich hiermit ausdr\u00fccklich von allen Inhalten aller verlinkten \/verkn\u00fcpften Seiten, die nach der Linksetzung ver\u00e4ndert wurden. Diese Feststellung gilt f\u00fcr alle innerhalb des eigenen Internetangebotes gesetzten Links und Verweise sowie f\u00fcr Fremdeintr\u00e4ge in vom Autor eingerichteten G\u00e4steb\u00fcchern, Diskussionsforen, Linkverzeichnissen, Mailinglisten und in allen anderen Formen von Datenbanken, auf deren Inhalt externe Schreibzugriffe m\u00f6glich sind. F\u00fcr illegale, fehlerhafte oder unvollst\u00e4ndige Inhalte und insbesondere f\u00fcr Sch\u00e4den, die aus der Nutzung oder Nichtnutzung solcherart dargebotener Informationen entstehen, haftet allein der Anbieter der Seite, auf welche verwiesen wurde, nicht derjenige, der \u00fcber Links auf die jeweilige Ver\u00f6ffentlichung lediglich verweist.<\/span><\/div>\n<div>&nbsp;<\/div>\n<div><span class=\"fs10lh1-5\"><b>3. Urheber- und Kennzeichenrecht<\/b><\/span><\/div>\n<div>&nbsp;<\/div>\n<div><span class=\"fs10lh1-5\">Der Autor ist bestrebt, in allen Publikationen die Urheberrechte der verwendeten Bilder, Grafiken, Tondokumente, Videosequenzen und Texte zu beachten, von ihm selbst erstellte Bilder, Grafiken, Tondokumente, Videosequenzen und Texte zu nutzen oder auf lizenzfreie Grafiken, Tondokumente, Videosequenzen und Texte zur\u00fcckzugreifen.<\/span><\/div>\n<div>&nbsp;<\/div>\n<div><span class=\"fs10lh1-5\">Alle innerhalb des Internetangebotes genannten und ggf. durch Dritte gesch\u00fctzten Marken- und Warenzeichen unterliegen uneingeschr\u00e4nkt den Bestimmungen des jeweils g\u00fcltigen Kennzeichenrechts und den Besitzrechten der jeweiligen eingetragenen Eigent\u00fcmer. Allein aufgrund der blo\u00dfen Nennung ist nicht der Schluss zu ziehen, dass Markenzeichen nicht durch Rechte Dritter gesch\u00fctzt sind!<\/span><\/div>\n<div>&nbsp;<\/div>\n<div><span class=\"fs10lh1-5\">Das Copyright f\u00fcr ver\u00f6ffentlichte, vom Autor selbst erstellte Objekte bleibt allein beim Autor der Seiten. Eine Vervielf\u00e4ltigung oder Verwendung solcher Grafiken, Tondokumente, Videosequenzen und Texte in anderen elektronischen oder gedruckten Publikationen ist ohne ausdr\u00fcckliche Zustimmung des Autors nicht gestattet.<\/span><\/div>\n<div>&nbsp;<\/div>\n<div><span class=\"fs10lh1-5\"><b>4. Datenschutz<\/b><\/span><\/div>\n<div>&nbsp;<\/div>\n<div><span class=\"fs10lh1-5\">Sofern innerhalb des Internetangebotes die M\u00f6glichkeit zur Eingabe pers\u00f6nlicher oder gesch\u00e4ftlicher Daten (Emailadressen, Namen, Anschriften) besteht, so erfolgt die Preisgabe dieser Daten seitens des Nutzers auf ausdr\u00fccklich freiwilliger Basis. Die Inanspruchnahme und Bezahlung aller angebotenen Dienste ist \u2013 soweit technisch m\u00f6glich und zumutbar \u2013 auch ohne Angabe solcher Daten bzw. unter Angabe anonymisierter Daten oder eines Pseudonyms gestattet. Die Nutzung der im Rahmen des Impressums oder vergleichbarer Angaben ver\u00f6ffentlichten Kontaktdaten wie Postanschriften, Telefon- und Faxnummern sowie Emailadressen durch Dritte zur \u00dcbersendung von nicht ausdr\u00fccklich angeforderten Informationen ist nicht gestattet. Rechtliche Schritte gegen die Versender von sogenannten Spam-Mails bei Verst\u00f6ssen gegen dieses Verbot sind ausdr\u00fccklich vorbehalten.<\/span><\/div>\n<div>&nbsp;<\/div>\n<div><span class=\"fs10lh1-5\"><b>5. Rechtswirksamkeit dieses Haftungsausschlusses<\/b><\/span><\/div>\n<div>&nbsp;<\/div>\n<div><span class=\"fs10lh1-5\">Dieser Haftungsausschluss ist als Teil des Internetangebotes zu betrachten, von dem aus auf diese Seite verwiesen wurde. Sofern Teile oder einzelne Formulierungen dieses Textes der geltenden Rechtslage nicht, nicht mehr oder nicht vollst\u00e4ndig entsprechen sollten, bleiben die \u00fcbrigen Teile des Dokumentes in ihrem Inhalt und ihrer G\u00fcltigkeit davon unber\u00fchrt.<\/span><\/div>\n<\/div>\t\t\t\t\t\t\t\t<\/div>\n\t\t\t\t<\/div>\n\t\t\t\t<\/div>\n\t\t\t\t\t<\/div>\n\t\t\t\t<\/main>\n\t\t\t\t<\/div>\n\t\t","protected":false},"excerpt":{"rendered":"<p>Impressum RADSPORTVEREIN EDELWEISS METTMANN 1906 E. V. &nbsp; Gesch\u00e4ftsstelle: &nbsp; Stephan Schwedtmann H\u00e4ndelstra\u00dfe 1 40822 Mettmann &nbsp; Tel.: 02104 &#8211; 123 96 eMail: post@rve06.de &nbsp; Registriert im Vereinsregister im Amtsgericht Wuppertal, Registerblatt VR 10478 &nbsp; &nbsp; &nbsp; Verantwortlich im Sinne des Pressegesetz Lutz Birkenkamp &nbsp; Verweise auf andere Internetseiten (Links) &nbsp; Das Landesgericht Hamburg hat [&hellip;]<\/p>\n","protected":false},"author":1,"featured_media":0,"parent":0,"menu_order":0,"comment_status":"closed","ping_status":"closed","template":"elementor_header_footer","meta":{"footnotes":""},"class_list":["post-128","page","type-page","status-publish","hentry"],"_links":{"self":[{"href":"https:\/\/www.rve06.de\/RVE\/wp-json\/wp\/v2\/pages\/128","targetHints":{"allow":["GET"]}}],"collection":[{"href":"https:\/\/www.rve06.de\/RVE\/wp-json\/wp\/v2\/pages"}],"about":[{"href":"https:\/\/www.rve06.de\/RVE\/wp-json\/wp\/v2\/types\/page"}],"author":[{"embeddable":true,"href":"https:\/\/www.rve06.de\/RVE\/wp-json\/wp\/v2\/users\/1"}],"replies":[{"embeddable":true,"href":"https:\/\/www.rve06.de\/RVE\/wp-json\/wp\/v2\/comments?post=128"}],"version-history":[{"count":7,"href":"https:\/\/www.rve06.de\/RVE\/wp-json\/wp\/v2\/pages\/128\/revisions"}],"predecessor-version":[{"id":382,"href":"https:\/\/www.rve06.de\/RVE\/wp-json\/wp\/v2\/pages\/128\/revisions\/382"}],"wp:attachment":[{"href":"https:\/\/www.rve06.de\/RVE\/wp-json\/wp\/v2\/media?parent=128"}],"curies":[{"name":"wp","href":"https:\/\/api.w.org\/{rel}","templated":true}]}}