{"id":116,"date":"2025-01-06T14:32:50","date_gmt":"2025-01-06T13:32:50","guid":{"rendered":"https:\/\/www.rve06.de\/RVE\/?page_id=116"},"modified":"2025-03-09T20:02:10","modified_gmt":"2025-03-09T19:02:10","slug":"kinder-jugend","status":"publish","type":"page","link":"https:\/\/www.rve06.de\/RVE\/kinder-jugend\/","title":{"rendered":"Kinder &amp; Jugend"},"content":{"rendered":"\t\t<div data-elementor-type=\"wp-page\" data-elementor-id=\"116\" class=\"elementor elementor-116\" data-elementor-post-type=\"page\">\n\t\t\t\t<main class=\"elementor-element elementor-element-70df6674 e-con-full e-flex e-con e-parent\" data-id=\"70df6674\" data-element_type=\"container\" data-e-type=\"container\" data-settings=\"{&quot;background_background&quot;:&quot;classic&quot;}\">\n\t\t<div class=\"elementor-element elementor-element-6c0a78f9 e-con-full e-flex e-con e-child\" data-id=\"6c0a78f9\" data-element_type=\"container\" data-e-type=\"container\" data-settings=\"{&quot;background_background&quot;:&quot;classic&quot;}\">\n\t\t<div class=\"elementor-element elementor-element-14ba52cc e-flex e-con-boxed e-con e-child\" data-id=\"14ba52cc\" data-element_type=\"container\" data-e-type=\"container\">\n\t\t\t\t\t<div class=\"e-con-inner\">\n\t\t\t\t<div class=\"elementor-element elementor-element-373901a9 elementor-widget elementor-widget-heading\" data-id=\"373901a9\" data-element_type=\"widget\" data-e-type=\"widget\" data-widget_type=\"heading.default\">\n\t\t\t\t<div class=\"elementor-widget-container\">\n\t\t\t\t\t<h1 class=\"elementor-heading-title elementor-size-default\">RV&nbsp;edelweiss<br>\n<b>Kinder &amp; Jugend<\/b><\/h1>\t\t\t\t<\/div>\n\t\t\t\t<\/div>\n\t\t\t\t<div class=\"elementor-element elementor-element-6b97d7f2 elementor-widget elementor-widget-text-editor\" data-id=\"6b97d7f2\" data-element_type=\"widget\" data-e-type=\"widget\" data-widget_type=\"text-editor.default\">\n\t\t\t\t<div class=\"elementor-widget-container\">\n\t\t\t\t\t\t\t\t\t<p>Von Klein bis Gro\u00df &#8230;<\/p>\t\t\t\t\t\t\t\t<\/div>\n\t\t\t\t<\/div>\n\t\t\t\t\t<\/div>\n\t\t\t\t<\/div>\n\t\t\t\t<\/div>\n\t\t<div class=\"elementor-element elementor-element-42fbd32c e-flex e-con-boxed e-con e-child\" data-id=\"42fbd32c\" data-element_type=\"container\" data-e-type=\"container\">\n\t\t\t\t\t<div class=\"e-con-inner\">\n\t\t<div class=\"elementor-element elementor-element-1aad0790 e-con-full e-flex e-con e-child\" data-id=\"1aad0790\" data-element_type=\"container\" data-e-type=\"container\" data-settings=\"{&quot;background_background&quot;:&quot;classic&quot;}\">\n\t\t<div class=\"elementor-element elementor-element-48e1d82 e-con-full e-flex e-con e-child\" data-id=\"48e1d82\" data-element_type=\"container\" data-e-type=\"container\">\n\t\t<div class=\"elementor-element elementor-element-256a90ad e-con-full e-flex e-con e-child\" data-id=\"256a90ad\" data-element_type=\"container\" data-e-type=\"container\">\n\t\t<div class=\"elementor-element elementor-element-76a984ca e-con-full e-flex e-con e-child\" data-id=\"76a984ca\" data-element_type=\"container\" data-e-type=\"container\">\n\t\t\t\t<div class=\"elementor-element elementor-element-52aad2d5 elementor-widget__width-inherit elementor-widget elementor-widget-heading\" data-id=\"52aad2d5\" data-element_type=\"widget\" data-e-type=\"widget\" data-widget_type=\"heading.default\">\n\t\t\t\t<div class=\"elementor-widget-container\">\n\t\t\t\t\t<h2 class=\"elementor-heading-title elementor-size-default\">Kindertraining<\/h2>\t\t\t\t<\/div>\n\t\t\t\t<\/div>\n\t\t\t\t<div class=\"elementor-element elementor-element-3b276c26 elementor-widget elementor-widget-text-editor\" data-id=\"3b276c26\" data-element_type=\"widget\" data-e-type=\"widget\" data-widget_type=\"text-editor.default\">\n\t\t\t\t<div class=\"elementor-widget-container\">\n\t\t\t\t\t\t\t\t\t<div class=\"imTAJustify\">Das Kindertraining bieten wir f\u00fcr fahrradbegeisterte Kinder im Alter von 8 bis 11 Jahren an. Gefahren wird auf dem eigenen verkehrssicheren Fahrrad und nat\u00fcrlich mit Helm.<\/div><div>\u00a0<\/div><div class=\"imTAJustify\">Uns ist es besonders wichtig, den Kindern die Bewegung auf dem Rad in der freien Natur und Freude an der gemeinsamen sportlichen Bet\u00e4tigung zu vermitteln. Dabei stehen die Verkehrssicherheit und das Ein\u00fcben wichtiger Verkehrsregeln stets im Fokus.<\/div><div class=\"imTAJustify\">Des Weiteren wird die allgemeine Beherrschung des Fahrrades trainiert, wobei in dieser Altersklasse noch keine Unterschiede gemacht zwischen Gel\u00e4nde- bzw. Stra\u00dfenr\u00e4dern.<\/div><div>\u00a0<\/div><div class=\"imTAJustify\">Es ist ratsam, dass die Kinder w\u00e4hrend des Anfangstrainings gemeinsam mit ihren Eltern das Training absolvieren und die Kinder nicht nur abgegeben werden.<\/div><div>\u00a0<\/div><div class=\"imTAJustify\">Auch die Fahrr\u00e4der sollten vorher technisch in einwandfreiem Zustand sein, Antrieb, Bremsen und Laufr\u00e4der sollten voll funktionst\u00fcchtig sein und die R\u00e4der sollten auf die kleinen Fahrer*innen eingestellt sein, hier bitten wir die Eltern darauf zu achten unsere Trainer*innen unterst\u00fctzen da gerne.<\/div><div>\u00a0<\/div><div class=\"imTAJustify\">Gefahren werden je nach Laune und Wetterbedingungen k\u00fcrzere und l\u00e4ngere Strecken (ca. 15-30 km). Wir bitten darauf zu achten eine Trainingsteilnahme ist nur vorheriger R\u00fccksprache mit dem Trainerstab m\u00f6glich!<\/div>\t\t\t\t\t\t\t\t<\/div>\n\t\t\t\t<\/div>\n\t\t\t\t<\/div>\n\t\t<div class=\"elementor-element elementor-element-ea404fa e-con-full e-flex e-con e-child\" data-id=\"ea404fa\" data-element_type=\"container\" data-e-type=\"container\">\n\t\t\t\t<div class=\"elementor-element elementor-element-1ffd45c elementor-widget__width-inherit elementor-widget elementor-widget-heading\" data-id=\"1ffd45c\" data-element_type=\"widget\" data-e-type=\"widget\" data-widget_type=\"heading.default\">\n\t\t\t\t<div class=\"elementor-widget-container\">\n\t\t\t\t\t<h2 class=\"elementor-heading-title elementor-size-default\">Jugendtraining<\/h2>\t\t\t\t<\/div>\n\t\t\t\t<\/div>\n\t\t\t\t<div class=\"elementor-element elementor-element-0107770 elementor-widget elementor-widget-text-editor\" data-id=\"0107770\" data-element_type=\"widget\" data-e-type=\"widget\" data-widget_type=\"text-editor.default\">\n\t\t\t\t<div class=\"elementor-widget-container\">\n\t\t\t\t\t\t\t\t\t<div><div class=\"imTAJustify\">Unsere Jugendgruppe besteht aus Jugendlichen im Alter von 12 bis 17 Jahren.\u00a0<span style=\"text-align: var(--text-align);\">Trainiert wird mit dem MTB, mit Trekkingr\u00e4dern oder vorzugsweise mit dem Rennrad. \u00a0Jeder Jugendliche kann gerne mit seinem vorhandenen Fahrrad an unserem Training teilnehmen.<\/span><\/div><div class=\"imTAJustify\">\u00a0<\/div><div class=\"imTAJustify\">Die Jugendlichen werden nach Alter und Leistungsst\u00e4rke eingeteilt. Neben dem sicheren Fahren und der Beherrschung der Verkehrsregeln lernen die Jugendlichen auch ein faires Gruppenverhalten und gegenseitige R\u00fccksichtnahme. Es geht nicht darum, wer der Erste oder der Schnellste ist, sondern um ein miteinander Fahren in der Natur. Langfristig werden die Jugendlichen an ein Ausdauertraining herangef\u00fchrt.<\/div><div class=\"imTAJustify\">\u00a0<\/div><div class=\"imTAJustify\">Auch \u00e4ltere Radfahrer sind willkommen, denn das Angebot wird auch von Eltern und Vereinsmitgliedern genutzt, die die Kinder begleiten. Das Trainerteam besteht in der Regel aus 3-5 Erwachsenen, die die Jugendlichen in der Zeit begleiten.<\/div><div class=\"imTAJustify\">\u00a0<\/div><div class=\"imTAJustify\">Wir bitten darauf zu achten eine Trainingsteilnahme ist nur vorheriger R\u00fccksprache mit dem Trainerstab m\u00f6glich!<\/div><div class=\"imTAJustify\">Eine Teilnahme an unserem Hallentraining steht allen Altersgruppen offen. Hier werden die jungen Athleten in Sachen Mobilisierung, Dehnung und Ausdauer trainiert. Dieses Training ist ideal abgestimmt f\u00fcr die Bed\u00fcrfnisse des Radsportes und bietet eine sehr gute Erg\u00e4nzung zum \u201efahrenden Training\u201c!<\/div><div class=\"imTAJustify\">\u00a0<\/div><div class=\"imTAJustify\"><strong>Zurzeit besteht kein aktives Angebot. Wenn hier Informationsbedarf oder Interesse an dieser Disziplin bestehen, dann geben wir gerne Ausk\u00fcnfte, eine erste Kontaktaufnahme \u00fcber unsere Gesch\u00e4ftsstelle:<\/strong><\/div><div class=\"imTAJustify\"><strong>RV Edelwei\u00df Mettmann 1906 e.V.<\/strong><\/div><div class=\"imTAJustify\"><div class=\"imTALeft\"><strong><span class=\"fs10lh1-5\">Gesch\u00e4ftsstelle<\/span><\/strong><\/div><\/div><p><strong>H\u00e4ndelstra\u00dfe 1 |\u00a0<\/strong><strong style=\"text-align: var(--text-align);\">40822 Mettmann<\/strong><\/p><\/div><div class=\"imTAJustify\"><div>\u00a0<strong style=\"text-align: var(--text-align);\">oder per email an:<\/strong><\/div><div><strong>post@rve06.de<\/strong><\/div><\/div>\t\t\t\t\t\t\t\t<\/div>\n\t\t\t\t<\/div>\n\t\t\t\t<\/div>\n\t\t\t\t<\/div>\n\t\t\t\t<\/div>\n\t\t\t\t<\/div>\n\t\t\t\t\t<\/div>\n\t\t\t\t<\/div>\n\t\t\t\t<\/main>\n\t\t\t\t<\/div>\n\t\t","protected":false},"excerpt":{"rendered":"<p>RV&nbsp;edelweiss Kinder &amp; Jugend Von Klein bis Gro\u00df &#8230; Kindertraining Das Kindertraining bieten wir f\u00fcr fahrradbegeisterte Kinder im Alter von 8 bis 11 Jahren an. Gefahren wird auf dem eigenen verkehrssicheren Fahrrad und nat\u00fcrlich mit Helm.\u00a0Uns ist es besonders wichtig, den Kindern die Bewegung auf dem Rad in der freien Natur und Freude an der [&hellip;]<\/p>\n","protected":false},"author":1,"featured_media":0,"parent":0,"menu_order":0,"comment_status":"closed","ping_status":"closed","template":"elementor_header_footer","meta":{"footnotes":""},"class_list":["post-116","page","type-page","status-publish","hentry"],"_links":{"self":[{"href":"https:\/\/www.rve06.de\/RVE\/wp-json\/wp\/v2\/pages\/116","targetHints":{"allow":["GET"]}}],"collection":[{"href":"https:\/\/www.rve06.de\/RVE\/wp-json\/wp\/v2\/pages"}],"about":[{"href":"https:\/\/www.rve06.de\/RVE\/wp-json\/wp\/v2\/types\/page"}],"author":[{"embeddable":true,"href":"https:\/\/www.rve06.de\/RVE\/wp-json\/wp\/v2\/users\/1"}],"replies":[{"embeddable":true,"href":"https:\/\/www.rve06.de\/RVE\/wp-json\/wp\/v2\/comments?post=116"}],"version-history":[{"count":11,"href":"https:\/\/www.rve06.de\/RVE\/wp-json\/wp\/v2\/pages\/116\/revisions"}],"predecessor-version":[{"id":376,"href":"https:\/\/www.rve06.de\/RVE\/wp-json\/wp\/v2\/pages\/116\/revisions\/376"}],"wp:attachment":[{"href":"https:\/\/www.rve06.de\/RVE\/wp-json\/wp\/v2\/media?parent=116"}],"curies":[{"name":"wp","href":"https:\/\/api.w.org\/{rel}","templated":true}]}}