{"id":109,"date":"2025-01-06T14:31:57","date_gmt":"2025-01-06T13:31:57","guid":{"rendered":"https:\/\/www.rve06.de\/RVE\/?page_id=109"},"modified":"2025-03-09T20:02:31","modified_gmt":"2025-03-09T19:02:31","slug":"radball","status":"publish","type":"page","link":"https:\/\/www.rve06.de\/RVE\/radball\/","title":{"rendered":"Radball"},"content":{"rendered":"\t\t<div data-elementor-type=\"wp-page\" data-elementor-id=\"109\" class=\"elementor elementor-109\" data-elementor-post-type=\"page\">\n\t\t\t\t<main class=\"elementor-element elementor-element-2e86e8d2 e-con-full e-flex e-con e-parent\" data-id=\"2e86e8d2\" data-element_type=\"container\" data-e-type=\"container\" data-settings=\"{&quot;background_background&quot;:&quot;classic&quot;}\">\n\t\t<div class=\"elementor-element elementor-element-3d7c5b72 e-con-full e-flex e-con e-child\" data-id=\"3d7c5b72\" data-element_type=\"container\" data-e-type=\"container\" data-settings=\"{&quot;background_background&quot;:&quot;classic&quot;}\">\n\t\t<div class=\"elementor-element elementor-element-6f127b12 e-flex e-con-boxed e-con e-child\" data-id=\"6f127b12\" data-element_type=\"container\" data-e-type=\"container\">\n\t\t\t\t\t<div class=\"e-con-inner\">\n\t\t\t\t<div class=\"elementor-element elementor-element-858bd9c elementor-widget elementor-widget-heading\" data-id=\"858bd9c\" data-element_type=\"widget\" data-e-type=\"widget\" data-widget_type=\"heading.default\">\n\t\t\t\t<div class=\"elementor-widget-container\">\n\t\t\t\t\t<h1 class=\"elementor-heading-title elementor-size-default\">RV&nbsp;edelweiss<br>\n<b>Radball<\/b><\/h1>\t\t\t\t<\/div>\n\t\t\t\t<\/div>\n\t\t\t\t<div class=\"elementor-element elementor-element-20c67686 elementor-widget elementor-widget-text-editor\" data-id=\"20c67686\" data-element_type=\"widget\" data-e-type=\"widget\" data-widget_type=\"text-editor.default\">\n\t\t\t\t<div class=\"elementor-widget-container\">\n\t\t\t\t\t\t\t\t\t<p>Eine Radsportart, die auf einem speziellen Fahrrad mit festem Gang ausge\u00fcbt wird.<\/p>\t\t\t\t\t\t\t\t<\/div>\n\t\t\t\t<\/div>\n\t\t\t\t\t<\/div>\n\t\t\t\t<\/div>\n\t\t\t\t<\/div>\n\t\t<div class=\"elementor-element elementor-element-1062873e e-flex e-con-boxed e-con e-child\" data-id=\"1062873e\" data-element_type=\"container\" data-e-type=\"container\">\n\t\t\t\t\t<div class=\"e-con-inner\">\n\t\t<div class=\"elementor-element elementor-element-7a3417da e-con-full e-flex e-con e-child\" data-id=\"7a3417da\" data-element_type=\"container\" data-e-type=\"container\" data-settings=\"{&quot;background_background&quot;:&quot;classic&quot;}\">\n\t\t<div class=\"elementor-element elementor-element-6d6cc00 e-con-full e-flex e-con e-child\" data-id=\"6d6cc00\" data-element_type=\"container\" data-e-type=\"container\">\n\t\t<div class=\"elementor-element elementor-element-1c890cbe e-con-full e-flex e-con e-child\" data-id=\"1c890cbe\" data-element_type=\"container\" data-e-type=\"container\">\n\t\t<div class=\"elementor-element elementor-element-48a56970 e-con-full e-flex e-con e-child\" data-id=\"48a56970\" data-element_type=\"container\" data-e-type=\"container\">\n\t\t\t\t<div class=\"elementor-element elementor-element-8eee782 elementor-widget elementor-widget-text-editor\" data-id=\"8eee782\" data-element_type=\"widget\" data-e-type=\"widget\" data-widget_type=\"text-editor.default\">\n\t\t\t\t<div class=\"elementor-widget-container\">\n\t\t\t\t\t\t\t\t\t<div class=\"imTAJustify\">Es ist eine Art von Hallenradsport, bei dem zwei Zweier-Teams gegeneinander antreten, die auf einem Spielfeld, das etwa 14 x 11 Meter gro\u00df ist, Radball spielen. Das Ziel des Spiels ist es, den Ball mit dem Fahrrad ins gegnerische Tor zu bef\u00f6rdern und dabei m\u00f6glichst viele Tore zu erzielen. Der Ball darf dabei nur mit dem Rad ber\u00fchrt werden, die H\u00e4nde d\u00fcrfen nicht benutzt werden. Radball erfordert sowohl Ausdauer als auch Geschicklichkeit, da die Spieler st\u00e4ndig in Bewegung sind und schnell reagieren m\u00fcssen, um den Ball zu treffen und auf das Tor zu schie\u00dfen. Es ist eine faszinierende Sportart, die bei vielen Radsportbegeisterten sehr beliebt ist.<\/div><div>\u00a0<\/div><div class=\"imTAJustify\">Dieser Sport hat eine lange Tradition beim RV Edelwei\u00df Mettmann, in der Hochzeit dieses Sports war der RV Edelwei\u00df Mettmann in der Bundesliga vertreten und hat dort beachtliche Erfolge gefeiert. Die Radball-Bundesliga ist die h\u00f6chste Liga im deutschen Radball und wird vom Bund Deutscher Radfahrer (BDR) organisiert. In der Bundesliga treten die besten Radball-Mannschaften Deutschlands gegeneinander an und spielen um den Meistertitel. Die Saison der Radball-Bundesliga dauert in der Regel von September bis April des folgenden Jahres und umfasst mehrere Spieltage. Die Spiele finden sowohl in der Halle als auch im Freien statt, je nach Witterungsbedingungen.<\/div><div>\u00a0<\/div><div class=\"imTAJustify\">Neben der Bundesliga gibt es auch noch weitere nationale und internationale Wettbewerbe im Radball, wie zum Beispiel die Radball-Weltmeisterschaft, die alle zwei Jahre stattfindet.<\/div><div class=\"imTAJustify\">Leider ist diese Sportart in unserer Region ein wenig aus dem Blick der Gesellschaft gefallen, dennoch f\u00fchlen wir uns als Sportverein dieser Sportart verpflichtet, dass wir bei Interessenten hier gerne als Ansprechpartner fungieren und gerne einen Austausch bieten.<\/div>\t\t\t\t\t\t\t\t<\/div>\n\t\t\t\t<\/div>\n\t\t\t\t<\/div>\n\t\t<div class=\"elementor-element elementor-element-5b20aaf4 e-con-full e-flex e-con e-child\" data-id=\"5b20aaf4\" data-element_type=\"container\" data-e-type=\"container\">\n\t\t\t\t<div class=\"elementor-element elementor-element-743d3fc7 elementor-widget elementor-widget-text-editor\" data-id=\"743d3fc7\" data-element_type=\"widget\" data-e-type=\"widget\" data-widget_type=\"text-editor.default\">\n\t\t\t\t<div class=\"elementor-widget-container\">\n\t\t\t\t\t\t\t\t\t<h2><b>Information<\/b><\/h2><div><div class=\"imTAJustify\"><strong>Zurzeit besteht kein aktives Angebot.<\/strong> Wenn hier Informationsbedarf oder Interesse an dieser Disziplin bestehen, dann geben wir gerne Ausk\u00fcnfte, eine erste Kontaktaufnahme \u00fcber unsere Gesch\u00e4ftsstelle:<\/div><div class=\"imTAJustify\">\u00a0<\/div><div class=\"imTAJustify\"><strong>RV Edelwei\u00df Mettmann 1906 e.V.<\/strong><\/div><div class=\"imTAJustify\">Gesch\u00e4ftsstelle<\/div><div class=\"imTAJustify\">H\u00e4ndelstra\u00dfe 1<\/div><div class=\"imTAJustify\">40822 Mettmann<\/div><div class=\"imTAJustify\">\u00a0<\/div><div class=\"imTAJustify\"><strong>per email an:<\/strong><\/div><div class=\"imTAJustify\"><strong>post@rve06.de<\/strong><\/div><\/div>\t\t\t\t\t\t\t\t<\/div>\n\t\t\t\t<\/div>\n\t\t\t\t<\/div>\n\t\t\t\t<\/div>\n\t\t\t\t<\/div>\n\t\t\t\t<\/div>\n\t\t\t\t\t<\/div>\n\t\t\t\t<\/div>\n\t\t\t\t<\/main>\n\t\t\t\t<\/div>\n\t\t","protected":false},"excerpt":{"rendered":"<p>RV&nbsp;edelweiss Radball Eine Radsportart, die auf einem speziellen Fahrrad mit festem Gang ausge\u00fcbt wird. Es ist eine Art von Hallenradsport, bei dem zwei Zweier-Teams gegeneinander antreten, die auf einem Spielfeld, das etwa 14 x 11 Meter gro\u00df ist, Radball spielen. Das Ziel des Spiels ist es, den Ball mit dem Fahrrad ins gegnerische Tor zu [&hellip;]<\/p>\n","protected":false},"author":1,"featured_media":0,"parent":0,"menu_order":0,"comment_status":"closed","ping_status":"closed","template":"elementor_header_footer","meta":{"footnotes":""},"class_list":["post-109","page","type-page","status-publish","hentry"],"_links":{"self":[{"href":"https:\/\/www.rve06.de\/RVE\/wp-json\/wp\/v2\/pages\/109","targetHints":{"allow":["GET"]}}],"collection":[{"href":"https:\/\/www.rve06.de\/RVE\/wp-json\/wp\/v2\/pages"}],"about":[{"href":"https:\/\/www.rve06.de\/RVE\/wp-json\/wp\/v2\/types\/page"}],"author":[{"embeddable":true,"href":"https:\/\/www.rve06.de\/RVE\/wp-json\/wp\/v2\/users\/1"}],"replies":[{"embeddable":true,"href":"https:\/\/www.rve06.de\/RVE\/wp-json\/wp\/v2\/comments?post=109"}],"version-history":[{"count":4,"href":"https:\/\/www.rve06.de\/RVE\/wp-json\/wp\/v2\/pages\/109\/revisions"}],"predecessor-version":[{"id":115,"href":"https:\/\/www.rve06.de\/RVE\/wp-json\/wp\/v2\/pages\/109\/revisions\/115"}],"wp:attachment":[{"href":"https:\/\/www.rve06.de\/RVE\/wp-json\/wp\/v2\/media?parent=109"}],"curies":[{"name":"wp","href":"https:\/\/api.w.org\/{rel}","templated":true}]}}