{"id":102,"date":"2025-01-06T14:30:56","date_gmt":"2025-01-06T13:30:56","guid":{"rendered":"https:\/\/www.rve06.de\/RVE\/?page_id=102"},"modified":"2025-03-09T20:02:51","modified_gmt":"2025-03-09T19:02:51","slug":"radtouristik","status":"publish","type":"page","link":"https:\/\/www.rve06.de\/RVE\/radtouristik\/","title":{"rendered":"Radtouristik"},"content":{"rendered":"\t\t<div data-elementor-type=\"wp-page\" data-elementor-id=\"102\" class=\"elementor elementor-102\" data-elementor-post-type=\"page\">\n\t\t\t\t<main class=\"elementor-element elementor-element-7aeffa7 e-con-full e-flex e-con e-parent\" data-id=\"7aeffa7\" data-element_type=\"container\" data-e-type=\"container\" data-settings=\"{&quot;background_background&quot;:&quot;classic&quot;}\">\n\t\t<div class=\"elementor-element elementor-element-2c72ebe1 e-con-full e-flex e-con e-child\" data-id=\"2c72ebe1\" data-element_type=\"container\" data-e-type=\"container\" data-settings=\"{&quot;background_background&quot;:&quot;classic&quot;}\">\n\t\t<div class=\"elementor-element elementor-element-51e6da4b e-flex e-con-boxed e-con e-child\" data-id=\"51e6da4b\" data-element_type=\"container\" data-e-type=\"container\">\n\t\t\t\t\t<div class=\"e-con-inner\">\n\t\t\t\t<div class=\"elementor-element elementor-element-7b439beb elementor-widget elementor-widget-heading\" data-id=\"7b439beb\" data-element_type=\"widget\" data-e-type=\"widget\" data-widget_type=\"heading.default\">\n\t\t\t\t<div class=\"elementor-widget-container\">\n\t\t\t\t\t<h1 class=\"elementor-heading-title elementor-size-default\">RV&nbsp;edelweiss<br>\n<b>Radtouristik<\/b><\/h1>\t\t\t\t<\/div>\n\t\t\t\t<\/div>\n\t\t\t\t<div class=\"elementor-element elementor-element-d0ffe6e elementor-widget elementor-widget-text-editor\" data-id=\"d0ffe6e\" data-element_type=\"widget\" data-e-type=\"widget\" data-widget_type=\"text-editor.default\">\n\t\t\t\t<div class=\"elementor-widget-container\">\n\t\t\t\t\t\t\t\t\t<p>Breitensport und RTF<\/p>\t\t\t\t\t\t\t\t<\/div>\n\t\t\t\t<\/div>\n\t\t\t\t\t<\/div>\n\t\t\t\t<\/div>\n\t\t\t\t<\/div>\n\t\t<div class=\"elementor-element elementor-element-384b9548 e-flex e-con-boxed e-con e-child\" data-id=\"384b9548\" data-element_type=\"container\" data-e-type=\"container\">\n\t\t\t\t\t<div class=\"e-con-inner\">\n\t\t<div class=\"elementor-element elementor-element-2ffe1a85 e-con-full e-flex e-con e-child\" data-id=\"2ffe1a85\" data-element_type=\"container\" data-e-type=\"container\" data-settings=\"{&quot;background_background&quot;:&quot;classic&quot;}\">\n\t\t<div class=\"elementor-element elementor-element-5af0ef0e e-con-full e-flex e-con e-child\" data-id=\"5af0ef0e\" data-element_type=\"container\" data-e-type=\"container\">\n\t\t<div class=\"elementor-element elementor-element-1cd354b7 e-con-full e-flex e-con e-child\" data-id=\"1cd354b7\" data-element_type=\"container\" data-e-type=\"container\">\n\t\t<div class=\"elementor-element elementor-element-9bae87d e-con-full e-flex e-con e-child\" data-id=\"9bae87d\" data-element_type=\"container\" data-e-type=\"container\">\n\t\t\t\t<div class=\"elementor-element elementor-element-6c2340a7 elementor-widget elementor-widget-text-editor\" data-id=\"6c2340a7\" data-element_type=\"widget\" data-e-type=\"widget\" data-widget_type=\"text-editor.default\">\n\t\t\t\t<div class=\"elementor-widget-container\">\n\t\t\t\t\t\t\t\t\t<h2><b>Radtouristik im RV\u00a0Edelwei\u00df<\/b><\/h2><p>Die Rad-Touristik-Fahrer betreiben Breitensport. Entscheidend ist dabei nicht, wer der Erste ist, sondern wer die angebotenen Strecken in einem recht gro\u00dfen Zeitfenster absolvieren kann. Das Angebot richtet sich sowohl an den Freizeitsportler, als auch an den leistungsorientierten Fahrer. Die Mitgliedschaft in einem Radsportverein ist nicht zwingend erforderlich. Radtourenfahrten (RTF) finden von M\u00e4rz bis Oktober jedes Wochenende und an den Feiertagen statt. Die ausgeschilderten und zu absolvierenden Strecken und haben eine L\u00e4nge von ca. 20 bis 110, oder f\u00fcr gut trainierte auch von 150 oder 200 Kilometern. Diese Strecken gemeinsam mit Gleichgesinnten zur\u00fcckzulegen, dabei Spa\u00df zu haben, ist das Ziel unserer Abteilung.<\/p><p>Die Termine sind im vom Bund Deutscher Radfahrer (BDR) herausgegeben Breitensportkalender nachzulesen. Diesen Kalender erh\u00e4lt man bei den Vereinen oder direkt beim BDR. Auch im Internet sind diese Termine abrufbar (www.rad-net.de).<\/p><p>Ziel der Vereinsmitglieder ist es, im Laufe eines Jahres m\u00f6glichst viele Punkte zu sammeln. Einen Punkt gibt es bei einer bis zu 50 km langen Strecke. Bei einer 200 km-Strecke sind es f\u00fcnf Punkte. Am Ende des Jahres wird das Wertungsheft, in dem alle Punkte eingetragen werden, an den Verein zur Auswertung zur\u00fcckgegeben. Auf den oder die Vielfahrer wartet dann eine Sportlerehrung und f\u00fcr die Punktbesten zus\u00e4tzlich ein Pokal.<\/p><p>Nicht-Vereinsmitglieder k\u00f6nnen keine Punkte sammeln, jedoch die gleichen Strecken fahren und dabei freizeit- oder sportorientiert die Natur genie\u00dfen. Bleibt man immer auf der Strecke, ben\u00f6tigt man keinen Stadtplan, da die Tour ja wieder zum Startort zur\u00fcckf\u00fchrt.<\/p>\t\t\t\t\t\t\t\t<\/div>\n\t\t\t\t<\/div>\n\t\t\t\t<\/div>\n\t\t<div class=\"elementor-element elementor-element-3652e4f7 e-con-full e-flex e-con e-child\" data-id=\"3652e4f7\" data-element_type=\"container\" data-e-type=\"container\">\n\t\t\t\t<div class=\"elementor-element elementor-element-5a8c2c00 elementor-widget elementor-widget-text-editor\" data-id=\"5a8c2c00\" data-element_type=\"widget\" data-e-type=\"widget\" data-widget_type=\"text-editor.default\">\n\t\t\t\t<div class=\"elementor-widget-container\">\n\t\t\t\t\t\t\t\t\t<h2><b>Ablauf einer RTF<\/b><\/h2><div>Startort anfahren, Startgeld entrichten, Startkarte entgegennehmen, R\u00fcckennummer befestigen, ausgeschilderte Strecke fahren, an Kontrollpunkten Startkarte abstempeln lassen und bei Bedarf Verpflegung entgegennehmen, Ziel (Startort) ansteuern, Duschen, in geselliger Runde noch etwas verweilen, plaudern und schlie\u00dflich\u2026..wieder nach Hause fahren.<\/div><div>\u00a0<\/div><div><strong>Euer Achim &#8211; F<span class=\"fs13\">achwart Radtouristik<\/span><\/strong><\/div><div><strong><span class=\"fs13\">RTF@rve06.de<\/span><\/strong><\/div>\t\t\t\t\t\t\t\t<\/div>\n\t\t\t\t<\/div>\n\t\t\t\t<div class=\"elementor-element elementor-element-21d07df8 elementor-widget elementor-widget-image\" data-id=\"21d07df8\" data-element_type=\"widget\" data-e-type=\"widget\" data-widget_type=\"image.default\">\n\t\t\t\t<div class=\"elementor-widget-container\">\n\t\t\t\t\t\t\t\t\t\t\t\t\t\t\t<img fetchpriority=\"high\" decoding=\"async\" width=\"722\" height=\"541\" src=\"https:\/\/www.rve06.de\/RVE\/wp-content\/uploads\/2025\/01\/IMG_0032.jpg\" class=\"attachment-large size-large wp-image-84\" alt=\"\" srcset=\"https:\/\/www.rve06.de\/RVE\/wp-content\/uploads\/2025\/01\/IMG_0032.jpg 722w, https:\/\/www.rve06.de\/RVE\/wp-content\/uploads\/2025\/01\/IMG_0032-300x225.jpg 300w\" sizes=\"(max-width: 722px) 100vw, 722px\" \/>\t\t\t\t\t\t\t\t\t\t\t\t\t\t\t<\/div>\n\t\t\t\t<\/div>\n\t\t\t\t<\/div>\n\t\t\t\t<\/div>\n\t\t\t\t<\/div>\n\t\t\t\t<\/div>\n\t\t\t\t\t<\/div>\n\t\t\t\t<\/div>\n\t\t\t\t<\/main>\n\t\t\t\t<\/div>\n\t\t","protected":false},"excerpt":{"rendered":"<p>RV&nbsp;edelweiss Radtouristik Breitensport und RTF Radtouristik im RV\u00a0Edelwei\u00df Die Rad-Touristik-Fahrer betreiben Breitensport. Entscheidend ist dabei nicht, wer der Erste ist, sondern wer die angebotenen Strecken in einem recht gro\u00dfen Zeitfenster absolvieren kann. Das Angebot richtet sich sowohl an den Freizeitsportler, als auch an den leistungsorientierten Fahrer. Die Mitgliedschaft in einem Radsportverein ist nicht zwingend erforderlich. [&hellip;]<\/p>\n","protected":false},"author":1,"featured_media":0,"parent":0,"menu_order":0,"comment_status":"closed","ping_status":"closed","template":"elementor_header_footer","meta":{"footnotes":""},"class_list":["post-102","page","type-page","status-publish","hentry"],"_links":{"self":[{"href":"https:\/\/www.rve06.de\/RVE\/wp-json\/wp\/v2\/pages\/102","targetHints":{"allow":["GET"]}}],"collection":[{"href":"https:\/\/www.rve06.de\/RVE\/wp-json\/wp\/v2\/pages"}],"about":[{"href":"https:\/\/www.rve06.de\/RVE\/wp-json\/wp\/v2\/types\/page"}],"author":[{"embeddable":true,"href":"https:\/\/www.rve06.de\/RVE\/wp-json\/wp\/v2\/users\/1"}],"replies":[{"embeddable":true,"href":"https:\/\/www.rve06.de\/RVE\/wp-json\/wp\/v2\/comments?post=102"}],"version-history":[{"count":4,"href":"https:\/\/www.rve06.de\/RVE\/wp-json\/wp\/v2\/pages\/102\/revisions"}],"predecessor-version":[{"id":108,"href":"https:\/\/www.rve06.de\/RVE\/wp-json\/wp\/v2\/pages\/102\/revisions\/108"}],"wp:attachment":[{"href":"https:\/\/www.rve06.de\/RVE\/wp-json\/wp\/v2\/media?parent=102"}],"curies":[{"name":"wp","href":"https:\/\/api.w.org\/{rel}","templated":true}]}}